{"id":636,"date":"2022-03-21T07:42:33","date_gmt":"2022-03-21T06:42:33","guid":{"rendered":"http:\/\/ggwcxbv.cluster029.hosting.ovh.net\/index.php\/testimonials\/"},"modified":"2023-02-20T23:36:31","modified_gmt":"2023-02-20T22:36:31","slug":"testimonials","status":"publish","type":"page","link":"https:\/\/francktemim.fr\/index.php\/testimonials\/","title":{"rendered":"Testimonials"},"content":{"rendered":"\n\n\t<h6>\n\t\t\t\t\tCe que les clients disent sur nous\n\t\t\t\t<\/h6>\n\t<h1>\n\t\t\t\t\tT\u00e9moignages\n\t\t\t\t<\/h1>\n\t<p>Franck Temim, un CGP sur qui compter&#8230;<\/p>\n\t<h5>\n\t\t\t\t\tA. L\n\t\t\t\t<\/h5>\n\t\t\t<p>Paris<\/p>\n\t<p>Un conseiller financier \u00e0 l&rsquo;\u00e9coute&#8230;<\/p>\n\t<h5>\n\t\t\t\t\tT. S\n\t\t\t\t<\/h5>\n\t\t\t<p>Courbevoie<\/p>\n\t<p>Un CGP professionnel&#8230;<\/p>\n\t<h5>\n\t\t\t\t\tC. G\n\t\t\t\t<\/h5>\n\t\t\t<p>Boulogne<\/p>\n\t<p>Une analyse de pr\u00e9cision&#8230;<\/p>\n\t<h5>\n\t\t\t\t\tN. P\n\t\t\t\t<\/h5>\n\t\t\t<p>Levallois<\/p>\n\t<p>Une fiabilit\u00e9 sans failles&#8230;<\/p>\n\t<h5>\n\t\t\t\t\tJ. J\n\t\t\t\t<\/h5>\n\t\t\t<p>Neuilly\/Seine<\/p>\n\t<p>Une tr\u00e8s grande exp\u00e9rience en SCPI<\/p>\n\t<h5>\n\t\t\t\t\tB. P\n\t\t\t\t<\/h5>\n\t\t\t<p>Lyon<\/p>\n\t<p>Une clart\u00e9 exemplaire&#8230;<\/p>\n\t<h5>\n\t\t\t\t\tR. H\n\t\t\t\t<\/h5>\n\t\t\t<p>Nice<\/p>\n\t<p>Une grande transparence&#8230;<\/p>\n\t<h5>\n\t\t\t\t\tS.A\n\t\t\t\t<\/h5>\n\t\t\t<p>Bordeaux<\/p>\n\t<p>Je recommande&#8230;<\/p>\n\t<h5>\n\t\t\t\t\tM. D\n\t\t\t\t<\/h5>\n\t\t\t<p>\u00eele de La R\u00e9union<\/p>\n<h2>\n\t\tNotre devise : la satisfaction de nos clients\n\t<\/h2>\n\t<h6>\n\t\t\t\t\tAudit patrimonial\n\t\t\t\t<\/h6>\n\t<h2>\n\t\t\t\t\tFranck Temim\n\t\t\t\t<\/h2>\n\t\t\t<p>\u00e0 votre service pour vous accompagner dans vos investissements financiers.<\/p>\n\t\t\t<a href=\"https:\/\/francktemim.fr\/index.php\/contact\/\" target=\"_self\" role=\"button\" rel=\"noopener\">\n\t\t\t\t\t\tContact\n\t\t<\/a>\n\n","protected":false},"excerpt":{"rendered":"<p>Ce que les clients disent sur nous T\u00e9moignages Franck Temim, un CGP sur qui compter&#8230; A. L Paris Un conseiller financier \u00e0 l&rsquo;\u00e9coute&#8230; T. S Courbevoie Un CGP professionnel&#8230; C. G Boulogne Une analyse de pr\u00e9cision&#8230; N. P Levallois Une fiabilit\u00e9 sans failles&#8230; J. J Neuilly\/Seine Une tr\u00e8s grande exp\u00e9rience en SCPI B. P Lyon [&hellip;]<\/p>\n","protected":false},"author":1,"featured_media":0,"parent":0,"menu_order":0,"comment_status":"closed","ping_status":"closed","template":"","meta":{"site-sidebar-layout":"no-sidebar","site-content-layout":"page-builder","ast-site-content-layout":"","site-content-style":"default","site-sidebar-style":"default","ast-global-header-display":"","ast-banner-title-visibility":"","ast-main-header-display":"","ast-hfb-above-header-display":"","ast-hfb-below-header-display":"","ast-hfb-mobile-header-display":"","site-post-title":"disabled","ast-breadcrumbs-content":"","ast-featured-img":"disabled","footer-sml-layout":"","theme-transparent-header-meta":"enabled","adv-header-id-meta":"","stick-header-meta":"","header-above-stick-meta":"","header-main-stick-meta":"","header-below-stick-meta":"","astra-migrate-meta-layouts":"default","ast-page-background-enabled":"default","ast-page-background-meta":{"desktop":{"background-color":"","background-image":"","background-repeat":"repeat","background-position":"center center","background-size":"auto","background-attachment":"scroll","background-type":"","background-media":"","overlay-type":"","overlay-color":"","overlay-gradient":""},"tablet":{"background-color":"","background-image":"","background-repeat":"repeat","background-position":"center center","background-size":"auto","background-attachment":"scroll","background-type":"","background-media":"","overlay-type":"","overlay-color":"","overlay-gradient":""},"mobile":{"background-color":"","background-image":"","background-repeat":"repeat","background-position":"center center","background-size":"auto","background-attachment":"scroll","background-type":"","background-media":"","overlay-type":"","overlay-color":"","overlay-gradient":""}},"ast-content-background-meta":{"desktop":{"background-color":"var(--ast-global-color-5)","background-image":"","background-repeat":"repeat","background-position":"center center","background-size":"auto","background-attachment":"scroll","background-type":"","background-media":"","overlay-type":"","overlay-color":"","overlay-gradient":""},"tablet":{"background-color":"var(--ast-global-color-5)","background-image":"","background-repeat":"repeat","background-position":"center center","background-size":"auto","background-attachment":"scroll","background-type":"","background-media":"","overlay-type":"","overlay-color":"","overlay-gradient":""},"mobile":{"background-color":"var(--ast-global-color-5)","background-image":"","background-repeat":"repeat","background-position":"center center","background-size":"auto","background-attachment":"scroll","background-type":"","background-media":"","overlay-type":"","overlay-color":"","overlay-gradient":""}},"footnotes":""},"class_list":["post-636","page","type-page","status-publish","hentry"],"_links":{"self":[{"href":"https:\/\/francktemim.fr\/index.php\/wp-json\/wp\/v2\/pages\/636","targetHints":{"allow":["GET"]}}],"collection":[{"href":"https:\/\/francktemim.fr\/index.php\/wp-json\/wp\/v2\/pages"}],"about":[{"href":"https:\/\/francktemim.fr\/index.php\/wp-json\/wp\/v2\/types\/page"}],"author":[{"embeddable":true,"href":"https:\/\/francktemim.fr\/index.php\/wp-json\/wp\/v2\/users\/1"}],"replies":[{"embeddable":true,"href":"https:\/\/francktemim.fr\/index.php\/wp-json\/wp\/v2\/comments?post=636"}],"version-history":[{"count":8,"href":"https:\/\/francktemim.fr\/index.php\/wp-json\/wp\/v2\/pages\/636\/revisions"}],"predecessor-version":[{"id":988,"href":"https:\/\/francktemim.fr\/index.php\/wp-json\/wp\/v2\/pages\/636\/revisions\/988"}],"wp:attachment":[{"href":"https:\/\/francktemim.fr\/index.php\/wp-json\/wp\/v2\/media?parent=636"}],"curies":[{"name":"wp","href":"https:\/\/api.w.org\/{rel}","templated":true}]}}