{"id":635,"date":"2022-03-21T07:42:33","date_gmt":"2022-03-21T06:42:33","guid":{"rendered":"http:\/\/ggwcxbv.cluster029.hosting.ovh.net\/index.php\/why-choose-me\/"},"modified":"2023-02-20T23:47:07","modified_gmt":"2023-02-20T22:47:07","slug":"why-choose-me","status":"publish","type":"page","link":"https:\/\/francktemim.fr\/index.php\/why-choose-me\/","title":{"rendered":"Why choose me"},"content":{"rendered":"\n\n\t<h6>\n\t\t\t\t\tNotre valeur ajout\u00e9e\n\t\t\t\t<\/h6>\n\t<h1>\n\t\t\t\t\tPourquoi confier la gestion de son patrimoine \u00e0 Franck Temim?\n\t\t\t\t<\/h1>\n\t<h6>\n\t\t\t\t\tVoici pourquoi\n\t\t\t\t<\/h6>\n\t<h2>\n\t\t\t\t\tNous devrions travailler ensemble\n\t\t\t\t<\/h2>\n\t<h4>\n\t\t\t\t\tPonctualit\u00e9\n\t\t\t\t<\/h4>\n\t\t\t<p>Un conseiller sur qui compter<\/p>\n\t<h4>\n\t\t\t\t\tUn suivi de dossier exemplaire\n\t\t\t\t<\/h4>\n\t\t\t<p>Organisation, fiabilit\u00e9 et r\u00e9activit\u00e9<\/p>\n\t<h4>\n\t\t\t\t\tDisponibilit\u00e9\n\t\t\t\t<\/h4>\n\t\t\t<p>Un conseiller joignable et qui rappelle syst\u00e9matiquement ses clients.\u00a0<\/p>\n\t<h4>\n\t\t\t\t\tUn v\u00e9ritable gain\n\t\t\t\t<\/h4>\n\t\t\t<p>Gain de temps, profit financier.<\/p>\n\t<h4>\n\t\t\t\t\tDes produits cibl\u00e9s\n\t\t\t\t<\/h4>\n\t\t\t<p>Des produits financiers cibl\u00e9s pour saisir les opportunit\u00e9s du moment.<\/p>\n\t<h4>\n\t\t\t\t\tAccompagnement\n\t\t\t\t<\/h4>\n\t\t\t<p>Un accompagnement : avant, pendant et apr\u00e8s l&rsquo;investissement.<\/p>\n\t<h6>\n\t\t\t\t\tAudit Patrimonial\n\t\t\t\t<\/h6>\n\t<h2>\n\t\t\t\t\tInterrogez-nous\n\t\t\t\t<\/h2>\n\t\t\t<p>N&rsquo;h\u00e9sitez pas \u00e0 nous solliciter. Franck Temim vous apportera la r\u00e9ponse \u00e0 votre probl\u00e9matique en mati\u00e8re de Gestion de Patrimoine.<\/p>\n\t\t\t<a href=\"https:\/\/francktemim.fr\/index.php\/contact\/\" target=\"_self\" role=\"button\" rel=\"noopener\">\n\t\t\t\t\t\tContact\n\t\t<\/a>\n\n","protected":false},"excerpt":{"rendered":"<p>Notre valeur ajout\u00e9e Pourquoi confier la gestion de son patrimoine \u00e0 Franck Temim? Voici pourquoi Nous devrions travailler ensemble Ponctualit\u00e9 Un conseiller sur qui compter Un suivi de dossier exemplaire Organisation, fiabilit\u00e9 et r\u00e9activit\u00e9 Disponibilit\u00e9 Un conseiller joignable et qui rappelle syst\u00e9matiquement ses clients.\u00a0 Un v\u00e9ritable gain Gain de temps, profit financier. Des produits cibl\u00e9s [&hellip;]<\/p>\n","protected":false},"author":1,"featured_media":0,"parent":0,"menu_order":0,"comment_status":"closed","ping_status":"closed","template":"","meta":{"site-sidebar-layout":"no-sidebar","site-content-layout":"page-builder","ast-site-content-layout":"","site-content-style":"default","site-sidebar-style":"default","ast-global-header-display":"","ast-banner-title-visibility":"","ast-main-header-display":"","ast-hfb-above-header-display":"","ast-hfb-below-header-display":"","ast-hfb-mobile-header-display":"","site-post-title":"disabled","ast-breadcrumbs-content":"","ast-featured-img":"disabled","footer-sml-layout":"","theme-transparent-header-meta":"enabled","adv-header-id-meta":"","stick-header-meta":"","header-above-stick-meta":"","header-main-stick-meta":"","header-below-stick-meta":"","astra-migrate-meta-layouts":"default","ast-page-background-enabled":"default","ast-page-background-meta":{"desktop":{"background-color":"","background-image":"","background-repeat":"repeat","background-position":"center center","background-size":"auto","background-attachment":"scroll","background-type":"","background-media":"","overlay-type":"","overlay-color":"","overlay-gradient":""},"tablet":{"background-color":"","background-image":"","background-repeat":"repeat","background-position":"center center","background-size":"auto","background-attachment":"scroll","background-type":"","background-media":"","overlay-type":"","overlay-color":"","overlay-gradient":""},"mobile":{"background-color":"","background-image":"","background-repeat":"repeat","background-position":"center center","background-size":"auto","background-attachment":"scroll","background-type":"","background-media":"","overlay-type":"","overlay-color":"","overlay-gradient":""}},"ast-content-background-meta":{"desktop":{"background-color":"var(--ast-global-color-5)","background-image":"","background-repeat":"repeat","background-position":"center center","background-size":"auto","background-attachment":"scroll","background-type":"","background-media":"","overlay-type":"","overlay-color":"","overlay-gradient":""},"tablet":{"background-color":"var(--ast-global-color-5)","background-image":"","background-repeat":"repeat","background-position":"center center","background-size":"auto","background-attachment":"scroll","background-type":"","background-media":"","overlay-type":"","overlay-color":"","overlay-gradient":""},"mobile":{"background-color":"var(--ast-global-color-5)","background-image":"","background-repeat":"repeat","background-position":"center center","background-size":"auto","background-attachment":"scroll","background-type":"","background-media":"","overlay-type":"","overlay-color":"","overlay-gradient":""}},"footnotes":""},"class_list":["post-635","page","type-page","status-publish","hentry"],"_links":{"self":[{"href":"https:\/\/francktemim.fr\/index.php\/wp-json\/wp\/v2\/pages\/635","targetHints":{"allow":["GET"]}}],"collection":[{"href":"https:\/\/francktemim.fr\/index.php\/wp-json\/wp\/v2\/pages"}],"about":[{"href":"https:\/\/francktemim.fr\/index.php\/wp-json\/wp\/v2\/types\/page"}],"author":[{"embeddable":true,"href":"https:\/\/francktemim.fr\/index.php\/wp-json\/wp\/v2\/users\/1"}],"replies":[{"embeddable":true,"href":"https:\/\/francktemim.fr\/index.php\/wp-json\/wp\/v2\/comments?post=635"}],"version-history":[{"count":10,"href":"https:\/\/francktemim.fr\/index.php\/wp-json\/wp\/v2\/pages\/635\/revisions"}],"predecessor-version":[{"id":992,"href":"https:\/\/francktemim.fr\/index.php\/wp-json\/wp\/v2\/pages\/635\/revisions\/992"}],"wp:attachment":[{"href":"https:\/\/francktemim.fr\/index.php\/wp-json\/wp\/v2\/media?parent=635"}],"curies":[{"name":"wp","href":"https:\/\/api.w.org\/{rel}","templated":true}]}}